{"id":10844,"date":"2026-05-06T17:25:21","date_gmt":"2026-05-06T22:25:21","guid":{"rendered":"https:\/\/dentalquitoclinic.com\/?page_id=10844"},"modified":"2026-05-07T11:19:11","modified_gmt":"2026-05-07T16:19:11","slug":"our-team-en","status":"publish","type":"page","link":"https:\/\/dentalquitoclinic.com\/en\/our-team-en\/","title":{"rendered":"Our Team"},"content":{"rendered":"\t\t<div data-elementor-type=\"wp-page\" data-elementor-id=\"10844\" class=\"elementor elementor-10844\">\n\t\t\t\t\t\t\t\t\t<section class=\"elementor-section elementor-top-section elementor-element elementor-element-42a0f287 qodef-elementor-content-grid elementor-section-full_width elementor-section-height-default elementor-section-height-default\" data-id=\"42a0f287\" data-element_type=\"section\" data-settings=\"{&quot;background_background&quot;:&quot;classic&quot;}\">\n\t\t\t\t\t\t<div class=\"elementor-container elementor-column-gap-default\">\n\t\t\t\t\t<div class=\"elementor-column elementor-col-100 elementor-top-column elementor-element elementor-element-6348d399\" data-id=\"6348d399\" data-element_type=\"column\">\n\t\t\t<div class=\"elementor-widget-wrap elementor-element-populated\">\n\t\t\t\t\t\t\t\t<div class=\"elementor-element elementor-element-111331af elementor-widget elementor-widget-allsmiles_core_section_title\" data-id=\"111331af\" data-element_type=\"widget\" data-widget_type=\"allsmiles_core_section_title.default\">\n\t\t\t\t<div class=\"elementor-widget-container\">\n\t\t\t<div class=\"qodef-shortcode qodef-m  qodef-section-title qodef-alignment--center \">\n\t\t\t<h2 class=\"qodef-m-title\" style=\"color: #FFFFFF\">\n\t\t\t\t\tOur Team\t\t\t<\/h2>\n\t<\/div>\n\t\t<\/div>\n\t\t\t\t<\/div>\n\t\t\t\t\t<\/div>\n\t\t<\/div>\n\t\t\t\t\t\t\t<\/div>\n\t\t<\/section>\n\t\t\t\t<section class=\"elementor-section elementor-top-section elementor-element elementor-element-793ed072 qodef-elementor-content-grid elementor-section-boxed elementor-section-height-default elementor-section-height-default\" data-id=\"793ed072\" data-element_type=\"section\" data-settings=\"{&quot;background_background&quot;:&quot;slideshow&quot;,&quot;background_slideshow_gallery&quot;:[],&quot;background_slideshow_loop&quot;:&quot;yes&quot;,&quot;background_slideshow_slide_duration&quot;:5000,&quot;background_slideshow_slide_transition&quot;:&quot;fade&quot;,&quot;background_slideshow_transition_duration&quot;:500}\">\n\t\t\t\t\t\t<div class=\"elementor-container elementor-column-gap-default\">\n\t\t\t\t\t<div class=\"elementor-column elementor-col-100 elementor-top-column elementor-element elementor-element-4c0af3e9\" data-id=\"4c0af3e9\" data-element_type=\"column\">\n\t\t\t<div class=\"elementor-widget-wrap elementor-element-populated\">\n\t\t\t\t\t\t\t\t<div class=\"elementor-element elementor-element-5534191b elementor-widget__width-initial elementor-widget elementor-widget-allsmiles_core_section_title\" data-id=\"5534191b\" data-element_type=\"widget\" data-widget_type=\"allsmiles_core_section_title.default\">\n\t\t\t\t<div class=\"elementor-widget-container\">\n\t\t\t<div class=\"qodef-shortcode qodef-m  qodef-section-title qodef-alignment--center \">\n\t\t<div class=\"qodef-m-subtitle\" >\n\t\tGET TO KNOW US\t<\/div>\n\t\t<h1 class=\"qodef-m-title\" >\n\t\t\t\t\tSpecialists\t\t\t<\/h1>\n\t\t<div class=\"qodef-m-text\" >\n\t\tCertified doctors, specialists, anesthesiologists and assistants, all committed to providing you with the best personalized dental treatment and care.\t<\/div>\n<\/div>\n\t\t<\/div>\n\t\t\t\t<\/div>\n\t\t\t\t\t<\/div>\n\t\t<\/div>\n\t\t\t\t\t\t\t<\/div>\n\t\t<\/section>\n\t\t\t\t<section class=\"elementor-section elementor-top-section elementor-element elementor-element-61d68d3 qodef-elementor-content-grid elementor-section-boxed elementor-section-height-default elementor-section-height-default\" data-id=\"61d68d3\" data-element_type=\"section\">\n\t\t\t\t\t\t<div class=\"elementor-container elementor-column-gap-default\">\n\t\t\t\t\t<div class=\"elementor-column elementor-col-100 elementor-top-column elementor-element elementor-element-14563617\" data-id=\"14563617\" data-element_type=\"column\">\n\t\t\t<div class=\"elementor-widget-wrap elementor-element-populated\">\n\t\t\t\t\t\t\t\t<div class=\"elementor-element elementor-element-70aee160 elementor-widget elementor-widget-allsmiles_core_team_list\" data-id=\"70aee160\" data-element_type=\"widget\" data-widget_type=\"allsmiles_core_team_list.default\">\n\t\t\t\t<div class=\"elementor-widget-container\">\n\t\t\t<div class=\"qodef-shortcode qodef-m  qodef-team-list qodef-item-layout--info-below qodef-grid qodef-layout--columns  qodef-gutter--large qodef-col-num--3 qodef-item-layout--info-below qodef--no-bottom-space qodef-pagination--off qodef-responsive--custom qodef-col-num--1440--4 qodef-col-num--1366--4 qodef-col-num--1024--2 qodef-col-num--768--2 qodef-col-num--680--1 qodef-col-num--480--1\" data-options=\"{&quot;plugin&quot;:&quot;allsmiles_core&quot;,&quot;module&quot;:&quot;post-types\\\/team\\\/shortcodes&quot;,&quot;shortcode&quot;:&quot;team-list&quot;,&quot;post_type&quot;:&quot;team&quot;,&quot;next_page&quot;:&quot;2&quot;,&quot;behavior&quot;:&quot;columns&quot;,&quot;images_proportion&quot;:&quot;full&quot;,&quot;columns&quot;:&quot;3&quot;,&quot;columns_responsive&quot;:&quot;custom&quot;,&quot;columns_1440&quot;:&quot;4&quot;,&quot;columns_1366&quot;:&quot;4&quot;,&quot;columns_1024&quot;:&quot;2&quot;,&quot;columns_768&quot;:&quot;2&quot;,&quot;columns_680&quot;:&quot;1&quot;,&quot;columns_480&quot;:&quot;1&quot;,&quot;space&quot;:&quot;large&quot;,&quot;posts_per_page&quot;:&quot;-1&quot;,&quot;orderby&quot;:&quot;date&quot;,&quot;order&quot;:&quot;ASC&quot;,&quot;additional_params&quot;:&quot;tax&quot;,&quot;tax&quot;:&quot;team-category&quot;,&quot;tax_slug&quot;:&quot;Dentist&quot;,&quot;layout&quot;:&quot;info-below&quot;,&quot;title_tag&quot;:&quot;h5&quot;,&quot;pagination_type&quot;:&quot;no-pagination&quot;,&quot;object_class_name&quot;:&quot;AllSmilesCore_Team_List_Shortcode&quot;,&quot;taxonomy_filter&quot;:&quot;team-category&quot;,&quot;additional_query_args&quot;:{&quot;tax_query&quot;:[{&quot;taxonomy&quot;:&quot;team-category&quot;,&quot;field&quot;:&quot;slug&quot;,&quot;terms&quot;:&quot;Dentist&quot;}]},&quot;item_classes&quot;:&quot;qodef-e qodef-grid-item&quot;,&quot;space_value&quot;:25}\">\n\t\t<div class=\"qodef-grid-inner clear\">\n\t\t<div class=\"qodef-e qodef-grid-item post-10827 team type-team status-publish has-post-thumbnail hentry team-category-dentist en-US\">\n\t<div class=\"qodef-e-inner\">\n\t\t<div class=\"qodef-e-image\">\n\t\t\t\t<div class=\"qodef-e-media-image\">\n\t\t<a itemprop=\"url\" href=\"https:\/\/dentalquitoclinic.com\/en\/team\/dr-said-mangui\/\">\n\t\t\t<img loading=\"lazy\" decoding=\"async\" width=\"1707\" height=\"2560\" src=\"https:\/\/dentalquitoclinic.com\/wp-content\/uploads\/KM9_9800-scaled.jpg\" class=\"attachment-full size-full wp-post-image\" alt=\"\" srcset=\"https:\/\/dentalquitoclinic.com\/wp-content\/uploads\/KM9_9800-scaled.jpg 1707w, https:\/\/dentalquitoclinic.com\/wp-content\/uploads\/KM9_9800-200x300.jpg 200w, https:\/\/dentalquitoclinic.com\/wp-content\/uploads\/KM9_9800-683x1024.jpg 683w, https:\/\/dentalquitoclinic.com\/wp-content\/uploads\/KM9_9800-768x1152.jpg 768w, https:\/\/dentalquitoclinic.com\/wp-content\/uploads\/KM9_9800-1024x1536.jpg 1024w, https:\/\/dentalquitoclinic.com\/wp-content\/uploads\/KM9_9800-1365x2048.jpg 1365w, https:\/\/dentalquitoclinic.com\/wp-content\/uploads\/KM9_9800-600x900.jpg 600w\" sizes=\"auto, (max-width: 1707px) 100vw, 1707px\" \/>\t\t<\/a>\n\t<\/div>\n\t\t\t\t\t<\/div>\n\t\t<div class=\"qodef-e-content\" >\n\t\t\t<h5 itemprop=\"name\" class=\"qodef-e-title entry-title\" >\n\t<a itemprop=\"url\" class=\"qodef-e-title-link\" href=\"https:\/\/dentalquitoclinic.com\/en\/team\/dr-said-mangui\/\">Dr. Said Mangui<\/a>\n<\/h5>\n\t\t\t\t<p class=\"qodef-e-role\">Implantology and Maxillofacial Surgery<\/p>\n\t\t<\/div>\n\t<\/div>\n<\/div>\n<div class=\"qodef-e qodef-grid-item post-10828 team type-team status-publish has-post-thumbnail hentry team-category-dentist en-US\">\n\t<div class=\"qodef-e-inner\">\n\t\t<div class=\"qodef-e-image\">\n\t\t\t\t<div class=\"qodef-e-media-image\">\n\t\t<a itemprop=\"url\" href=\"https:\/\/dentalquitoclinic.com\/en\/team\/cyntia-carrion\/\">\n\t\t\t<img loading=\"lazy\" decoding=\"async\" width=\"1707\" height=\"2560\" src=\"https:\/\/dentalquitoclinic.com\/wp-content\/uploads\/KM9_9922-scaled.jpg\" class=\"attachment-full size-full wp-post-image\" alt=\"\" srcset=\"https:\/\/dentalquitoclinic.com\/wp-content\/uploads\/KM9_9922-scaled.jpg 1707w, https:\/\/dentalquitoclinic.com\/wp-content\/uploads\/KM9_9922-200x300.jpg 200w, https:\/\/dentalquitoclinic.com\/wp-content\/uploads\/KM9_9922-683x1024.jpg 683w, https:\/\/dentalquitoclinic.com\/wp-content\/uploads\/KM9_9922-768x1152.jpg 768w, https:\/\/dentalquitoclinic.com\/wp-content\/uploads\/KM9_9922-1024x1536.jpg 1024w, https:\/\/dentalquitoclinic.com\/wp-content\/uploads\/KM9_9922-1365x2048.jpg 1365w, https:\/\/dentalquitoclinic.com\/wp-content\/uploads\/KM9_9922-600x900.jpg 600w\" sizes=\"auto, (max-width: 1707px) 100vw, 1707px\" \/>\t\t<\/a>\n\t<\/div>\n\t\t\t\t\t<\/div>\n\t\t<div class=\"qodef-e-content\" >\n\t\t\t<h5 itemprop=\"name\" class=\"qodef-e-title entry-title\" >\n\t<a itemprop=\"url\" class=\"qodef-e-title-link\" href=\"https:\/\/dentalquitoclinic.com\/en\/team\/cyntia-carrion\/\">Dr. Sergio Mu\u00f1oz<\/a>\n<\/h5>\n\t\t\t\t<p class=\"qodef-e-role\">Orthodontics<\/p>\n\t\t<\/div>\n\t<\/div>\n<\/div>\n<div class=\"qodef-e qodef-grid-item post-10829 team type-team status-publish has-post-thumbnail hentry team-category-dentist en-US\">\n\t<div class=\"qodef-e-inner\">\n\t\t<div class=\"qodef-e-image\">\n\t\t\t\t<div class=\"qodef-e-media-image\">\n\t\t<a itemprop=\"url\" href=\"https:\/\/dentalquitoclinic.com\/en\/team\/eduardo-cevallos\/\">\n\t\t\t<img loading=\"lazy\" decoding=\"async\" width=\"1707\" height=\"2560\" src=\"https:\/\/dentalquitoclinic.com\/wp-content\/uploads\/KM9_9654-scaled.jpg\" class=\"attachment-full size-full wp-post-image\" alt=\"\" srcset=\"https:\/\/dentalquitoclinic.com\/wp-content\/uploads\/KM9_9654-scaled.jpg 1707w, https:\/\/dentalquitoclinic.com\/wp-content\/uploads\/KM9_9654-200x300.jpg 200w, https:\/\/dentalquitoclinic.com\/wp-content\/uploads\/KM9_9654-683x1024.jpg 683w, https:\/\/dentalquitoclinic.com\/wp-content\/uploads\/KM9_9654-768x1152.jpg 768w, https:\/\/dentalquitoclinic.com\/wp-content\/uploads\/KM9_9654-1024x1536.jpg 1024w, https:\/\/dentalquitoclinic.com\/wp-content\/uploads\/KM9_9654-1365x2048.jpg 1365w, https:\/\/dentalquitoclinic.com\/wp-content\/uploads\/KM9_9654-600x900.jpg 600w\" sizes=\"auto, (max-width: 1707px) 100vw, 1707px\" \/>\t\t<\/a>\n\t<\/div>\n\t\t\t\t\t<\/div>\n\t\t<div class=\"qodef-e-content\" >\n\t\t\t<h5 itemprop=\"name\" class=\"qodef-e-title entry-title\" >\n\t<a itemprop=\"url\" class=\"qodef-e-title-link\" href=\"https:\/\/dentalquitoclinic.com\/en\/team\/eduardo-cevallos\/\">Dr. Eduardo Cevallos<\/a>\n<\/h5>\n\t\t\t\t<p class=\"qodef-e-role\">Endodontics<\/p>\n\t\t<\/div>\n\t<\/div>\n<\/div>\n<div class=\"qodef-e qodef-grid-item post-10831 team type-team status-publish has-post-thumbnail hentry team-category-dentist en-US\">\n\t<div class=\"qodef-e-inner\">\n\t\t<div class=\"qodef-e-image\">\n\t\t\t\t<div class=\"qodef-e-media-image\">\n\t\t<a itemprop=\"url\" href=\"https:\/\/dentalquitoclinic.com\/en\/team\/said-mangui\/\">\n\t\t\t<img loading=\"lazy\" decoding=\"async\" width=\"1707\" height=\"2560\" src=\"https:\/\/dentalquitoclinic.com\/wp-content\/uploads\/KM9_0011-scaled.jpg\" class=\"attachment-full size-full wp-post-image\" alt=\"\" srcset=\"https:\/\/dentalquitoclinic.com\/wp-content\/uploads\/KM9_0011-scaled.jpg 1707w, https:\/\/dentalquitoclinic.com\/wp-content\/uploads\/KM9_0011-200x300.jpg 200w, https:\/\/dentalquitoclinic.com\/wp-content\/uploads\/KM9_0011-683x1024.jpg 683w, https:\/\/dentalquitoclinic.com\/wp-content\/uploads\/KM9_0011-768x1152.jpg 768w, https:\/\/dentalquitoclinic.com\/wp-content\/uploads\/KM9_0011-1024x1536.jpg 1024w, https:\/\/dentalquitoclinic.com\/wp-content\/uploads\/KM9_0011-1365x2048.jpg 1365w, https:\/\/dentalquitoclinic.com\/wp-content\/uploads\/KM9_0011-600x900.jpg 600w\" sizes=\"auto, (max-width: 1707px) 100vw, 1707px\" \/>\t\t<\/a>\n\t<\/div>\n\t\t\t\t\t<\/div>\n\t\t<div class=\"qodef-e-content\" >\n\t\t\t<h5 itemprop=\"name\" class=\"qodef-e-title entry-title\" >\n\t<a itemprop=\"url\" class=\"qodef-e-title-link\" href=\"https:\/\/dentalquitoclinic.com\/en\/team\/said-mangui\/\">Andrea Mi\u00f1o<\/a>\n<\/h5>\n\t\t\t\t<p class=\"qodef-e-role\">Dental Assistant<\/p>\n\t\t<\/div>\n\t<\/div>\n<\/div>\n<div class=\"qodef-e qodef-grid-item post-10832 team type-team status-publish has-post-thumbnail hentry team-category-dentist en-US\">\n\t<div class=\"qodef-e-inner\">\n\t\t<div class=\"qodef-e-image\">\n\t\t\t\t<div class=\"qodef-e-media-image\">\n\t\t<a itemprop=\"url\" href=\"https:\/\/dentalquitoclinic.com\/en\/team\/genoveva-andrade\/\">\n\t\t\t<img loading=\"lazy\" decoding=\"async\" width=\"1707\" height=\"2560\" src=\"https:\/\/dentalquitoclinic.com\/wp-content\/uploads\/KM9_9633-scaled.jpg\" class=\"attachment-full size-full wp-post-image\" alt=\"\" srcset=\"https:\/\/dentalquitoclinic.com\/wp-content\/uploads\/KM9_9633-scaled.jpg 1707w, https:\/\/dentalquitoclinic.com\/wp-content\/uploads\/KM9_9633-200x300.jpg 200w, https:\/\/dentalquitoclinic.com\/wp-content\/uploads\/KM9_9633-683x1024.jpg 683w, https:\/\/dentalquitoclinic.com\/wp-content\/uploads\/KM9_9633-768x1152.jpg 768w, https:\/\/dentalquitoclinic.com\/wp-content\/uploads\/KM9_9633-1024x1536.jpg 1024w, https:\/\/dentalquitoclinic.com\/wp-content\/uploads\/KM9_9633-1365x2048.jpg 1365w, https:\/\/dentalquitoclinic.com\/wp-content\/uploads\/KM9_9633-600x900.jpg 600w\" sizes=\"auto, (max-width: 1707px) 100vw, 1707px\" \/>\t\t<\/a>\n\t<\/div>\n\t\t\t\t\t<\/div>\n\t\t<div class=\"qodef-e-content\" >\n\t\t\t<h5 itemprop=\"name\" class=\"qodef-e-title entry-title\" >\n\t<a itemprop=\"url\" class=\"qodef-e-title-link\" href=\"https:\/\/dentalquitoclinic.com\/en\/team\/genoveva-andrade\/\">Genoveva Andrade<\/a>\n<\/h5>\n\t\t\t\t<p class=\"qodef-e-role\">Administration<\/p>\n\t\t<\/div>\n\t<\/div>\n<\/div>\n<div class=\"qodef-e qodef-grid-item post-10833 team type-team status-publish has-post-thumbnail hentry team-category-dentist en-US\">\n\t<div class=\"qodef-e-inner\">\n\t\t<div class=\"qodef-e-image\">\n\t\t\t\t<div class=\"qodef-e-media-image\">\n\t\t<a itemprop=\"url\" href=\"https:\/\/dentalquitoclinic.com\/en\/team\/adriana-monroy\/\">\n\t\t\t<img loading=\"lazy\" decoding=\"async\" width=\"1707\" height=\"2560\" src=\"https:\/\/dentalquitoclinic.com\/wp-content\/uploads\/KM9_9912-scaled.jpg\" class=\"attachment-full size-full wp-post-image\" alt=\"\" srcset=\"https:\/\/dentalquitoclinic.com\/wp-content\/uploads\/KM9_9912-scaled.jpg 1707w, https:\/\/dentalquitoclinic.com\/wp-content\/uploads\/KM9_9912-200x300.jpg 200w, https:\/\/dentalquitoclinic.com\/wp-content\/uploads\/KM9_9912-683x1024.jpg 683w, https:\/\/dentalquitoclinic.com\/wp-content\/uploads\/KM9_9912-768x1152.jpg 768w, https:\/\/dentalquitoclinic.com\/wp-content\/uploads\/KM9_9912-1024x1536.jpg 1024w, https:\/\/dentalquitoclinic.com\/wp-content\/uploads\/KM9_9912-1365x2048.jpg 1365w, https:\/\/dentalquitoclinic.com\/wp-content\/uploads\/KM9_9912-600x900.jpg 600w\" sizes=\"auto, (max-width: 1707px) 100vw, 1707px\" \/>\t\t<\/a>\n\t<\/div>\n\t\t\t\t\t<\/div>\n\t\t<div class=\"qodef-e-content\" >\n\t\t\t<h5 itemprop=\"name\" class=\"qodef-e-title entry-title\" >\n\t<a itemprop=\"url\" class=\"qodef-e-title-link\" href=\"https:\/\/dentalquitoclinic.com\/en\/team\/adriana-monroy\/\">Adriana Monroy<\/a>\n<\/h5>\n\t\t\t\t<p class=\"qodef-e-role\">Bilingual Reception<\/p>\n\t\t<\/div>\n\t<\/div>\n<\/div>\n<div class=\"qodef-e qodef-grid-item post-10834 team type-team status-publish has-post-thumbnail hentry team-category-dentist en-US\">\n\t<div class=\"qodef-e-inner\">\n\t\t<div class=\"qodef-e-image\">\n\t\t\t\t<div class=\"qodef-e-media-image\">\n\t\t<a itemprop=\"url\" href=\"https:\/\/dentalquitoclinic.com\/en\/team\/cyntia-carrion-2\/\">\n\t\t\t<img loading=\"lazy\" decoding=\"async\" width=\"1707\" height=\"2560\" src=\"https:\/\/dentalquitoclinic.com\/wp-content\/uploads\/KM9_9897-scaled.jpg\" class=\"attachment-full size-full wp-post-image\" alt=\"\" srcset=\"https:\/\/dentalquitoclinic.com\/wp-content\/uploads\/KM9_9897-scaled.jpg 1707w, https:\/\/dentalquitoclinic.com\/wp-content\/uploads\/KM9_9897-200x300.jpg 200w, https:\/\/dentalquitoclinic.com\/wp-content\/uploads\/KM9_9897-683x1024.jpg 683w, https:\/\/dentalquitoclinic.com\/wp-content\/uploads\/KM9_9897-768x1152.jpg 768w, https:\/\/dentalquitoclinic.com\/wp-content\/uploads\/KM9_9897-1024x1536.jpg 1024w, https:\/\/dentalquitoclinic.com\/wp-content\/uploads\/KM9_9897-1365x2048.jpg 1365w, https:\/\/dentalquitoclinic.com\/wp-content\/uploads\/KM9_9897-600x900.jpg 600w\" sizes=\"auto, (max-width: 1707px) 100vw, 1707px\" \/>\t\t<\/a>\n\t<\/div>\n\t\t\t\t\t<\/div>\n\t\t<div class=\"qodef-e-content\" >\n\t\t\t<h5 itemprop=\"name\" class=\"qodef-e-title entry-title\" >\n\t<a itemprop=\"url\" class=\"qodef-e-title-link\" href=\"https:\/\/dentalquitoclinic.com\/en\/team\/cyntia-carrion-2\/\">Cyntia Carri\u00f3n<\/a>\n<\/h5>\n\t\t\t\t<p class=\"qodef-e-role\">Reception<\/p>\n\t\t<\/div>\n\t<\/div>\n<\/div>\n\t<\/div>\n\t<\/div>\n\t\t<\/div>\n\t\t\t\t<\/div>\n\t\t\t\t\t<\/div>\n\t\t<\/div>\n\t\t\t\t\t\t\t<\/div>\n\t\t<\/section>\n\t\t\t\t<section class=\"elementor-section elementor-top-section elementor-element elementor-element-5ee30947 elementor-section-full_width elementor-section-height-default elementor-section-height-default qodef-elementor-content-no\" data-id=\"5ee30947\" data-element_type=\"section\" data-settings=\"{&quot;background_background&quot;:&quot;classic&quot;}\">\n\t\t\t\t\t\t<div class=\"elementor-container elementor-column-gap-default\">\n\t\t\t\t\t<div class=\"elementor-column elementor-col-100 elementor-top-column elementor-element elementor-element-b53830f\" data-id=\"b53830f\" data-element_type=\"column\">\n\t\t\t<div class=\"elementor-widget-wrap elementor-element-populated\">\n\t\t\t\t\t\t\t\t<div class=\"elementor-element elementor-element-648bcb6a elementor-widget elementor-widget-allsmiles_core_clients_list\" data-id=\"648bcb6a\" data-element_type=\"widget\" data-widget_type=\"allsmiles_core_clients_list.default\">\n\t\t\t\t<div class=\"elementor-widget-container\">\n\t\t\t<div class=\"qodef-shortcode qodef-m  qodef-clients-list qodef-grid qodef-layout--columns  qodef-gutter--large qodef-col-num--6 qodef-item-layout--image-only qodef-responsive--custom qodef-col-num--1440--6 qodef-col-num--1366--6 qodef-col-num--1024--3 qodef-col-num--768--3 qodef-col-num--680--1 qodef-col-num--480--1 qodef-hover-animation--fade-in\">\n\t<div class=\"qodef-grid-inner clear\">\n\t\t<span class=\"qodef-e qodef-grid-item\">\n\t<span class=\"qodef-e-inner\">\n\t\t\t<span class=\"qodef-e-image\">\n\t\t\t\t\t<a itemprop=\"url\" href=\"https:\/\/bti-biotechnologyinstitute.com\/es\/\" target=\"_blank\">\n\t\t\t\t\t\t\t\t\t<span class=\"qodef-e-logo\">\n\t\t\t\t\t<img loading=\"lazy\" decoding=\"async\" width=\"136\" height=\"101\" src=\"https:\/\/dentalquitoclinic.com\/wp-content\/uploads\/LOGOS-CLIENTES-12.png\" class=\"attachment-full size-full\" alt=\"\" \/>\t\t\t\t<\/span>\n\t\t\t\t\t\t\t\t\t\t<span class=\"qodef-e-hover-logo\">\n\t\t\t\t\t<img loading=\"lazy\" decoding=\"async\" width=\"136\" height=\"100\" src=\"https:\/\/dentalquitoclinic.com\/wp-content\/uploads\/LOGOS-CLIENTES-11.png\" class=\"attachment-full size-full\" alt=\"\" \/>\t\t\t\t<\/span>\n\t\t\t\t\t\t\t\t<\/a>\n\t\t\t<\/span>\n\t<\/span>\n<\/span>\n<span class=\"qodef-e qodef-grid-item\">\n\t<span class=\"qodef-e-inner\">\n\t\t\t<span class=\"qodef-e-image\">\n\t\t\t\t\t<a itemprop=\"url\" href=\"https:\/\/www.ada.org\/\" target=\"_blank\">\n\t\t\t\t\t\t\t\t\t<span class=\"qodef-e-logo\">\n\t\t\t\t\t<img loading=\"lazy\" decoding=\"async\" width=\"136\" height=\"101\" src=\"https:\/\/dentalquitoclinic.com\/wp-content\/uploads\/LOGOS-CLIENTES-14.png\" class=\"attachment-full size-full\" alt=\"\" \/>\t\t\t\t<\/span>\n\t\t\t\t\t\t\t\t\t\t<span class=\"qodef-e-hover-logo\">\n\t\t\t\t\t<img loading=\"lazy\" decoding=\"async\" width=\"136\" height=\"100\" src=\"https:\/\/dentalquitoclinic.com\/wp-content\/uploads\/LOGOS-CLIENTES-13.png\" class=\"attachment-full size-full\" alt=\"\" \/>\t\t\t\t<\/span>\n\t\t\t\t\t\t\t\t<\/a>\n\t\t\t<\/span>\n\t<\/span>\n<\/span>\n<span class=\"qodef-e qodef-grid-item\">\n\t<span class=\"qodef-e-inner\">\n\t\t\t<span class=\"qodef-e-image\">\n\t\t\t\t\t<a itemprop=\"url\" href=\"https:\/\/www.ficsonline.org\/i4a\/pages\/index.cfm?pageid=1\" target=\"_blank\">\n\t\t\t\t\t\t\t\t\t<span class=\"qodef-e-logo\">\n\t\t\t\t\t<img loading=\"lazy\" decoding=\"async\" width=\"136\" height=\"101\" src=\"https:\/\/dentalquitoclinic.com\/wp-content\/uploads\/LOGOS-CLIENTES-16.png\" class=\"attachment-full size-full\" alt=\"\" \/>\t\t\t\t<\/span>\n\t\t\t\t\t\t\t\t\t\t<span class=\"qodef-e-hover-logo\">\n\t\t\t\t\t<img loading=\"lazy\" decoding=\"async\" width=\"136\" height=\"100\" src=\"https:\/\/dentalquitoclinic.com\/wp-content\/uploads\/LOGOS-CLIENTES-15.png\" class=\"attachment-full size-full\" alt=\"\" \/>\t\t\t\t<\/span>\n\t\t\t\t\t\t\t\t<\/a>\n\t\t\t<\/span>\n\t<\/span>\n<\/span>\n<span class=\"qodef-e qodef-grid-item\">\n\t<span class=\"qodef-e-inner\">\n\t\t\t<span class=\"qodef-e-image\">\n\t\t\t\t\t<a itemprop=\"url\" href=\"https:\/\/icd.org\/\" target=\"_blank\">\n\t\t\t\t\t\t\t\t\t<span class=\"qodef-e-logo\">\n\t\t\t\t\t<img loading=\"lazy\" decoding=\"async\" width=\"136\" height=\"101\" src=\"https:\/\/dentalquitoclinic.com\/wp-content\/uploads\/LOGOS-CLIENTES-18.png\" class=\"attachment-full size-full\" alt=\"\" \/>\t\t\t\t<\/span>\n\t\t\t\t\t\t\t\t\t\t<span class=\"qodef-e-hover-logo\">\n\t\t\t\t\t<img loading=\"lazy\" decoding=\"async\" width=\"136\" height=\"100\" src=\"https:\/\/dentalquitoclinic.com\/wp-content\/uploads\/LOGOS-CLIENTES-17.png\" class=\"attachment-full size-full\" alt=\"\" \/>\t\t\t\t<\/span>\n\t\t\t\t\t\t\t\t<\/a>\n\t\t\t<\/span>\n\t<\/span>\n<\/span>\n<span class=\"qodef-e qodef-grid-item\">\n\t<span class=\"qodef-e-inner\">\n\t\t\t<span class=\"qodef-e-image\">\n\t\t\t\t\t<a itemprop=\"url\" href=\"https:\/\/www.iocim.org\/\" target=\"_blank\">\n\t\t\t\t\t\t\t\t\t<span class=\"qodef-e-logo\">\n\t\t\t\t\t<img loading=\"lazy\" decoding=\"async\" width=\"136\" height=\"101\" src=\"https:\/\/dentalquitoclinic.com\/wp-content\/uploads\/LOGOS-CLIENTES-03.png\" class=\"attachment-full size-full\" alt=\"\" \/>\t\t\t\t<\/span>\n\t\t\t\t\t\t\t\t\t\t<span class=\"qodef-e-hover-logo\">\n\t\t\t\t\t<img loading=\"lazy\" decoding=\"async\" width=\"136\" height=\"101\" src=\"https:\/\/dentalquitoclinic.com\/wp-content\/uploads\/LOGOS-CLIENTES-04.png\" class=\"attachment-full size-full\" alt=\"\" \/>\t\t\t\t<\/span>\n\t\t\t\t\t\t\t\t<\/a>\n\t\t\t<\/span>\n\t<\/span>\n<\/span>\n<span class=\"qodef-e qodef-grid-item\">\n\t<span class=\"qodef-e-inner\">\n\t\t\t<span class=\"qodef-e-image\">\n\t\t\t\t\t<a itemprop=\"url\" href=\"https:\/\/espanol.operationsmile.org\/\" target=\"_blank\">\n\t\t\t\t\t\t\t\t\t<span class=\"qodef-e-logo\">\n\t\t\t\t\t<img loading=\"lazy\" decoding=\"async\" width=\"136\" height=\"100\" src=\"https:\/\/dentalquitoclinic.com\/wp-content\/uploads\/LOGOS-CLIENTES-01.png\" class=\"attachment-full size-full\" alt=\"\" \/>\t\t\t\t<\/span>\n\t\t\t\t\t\t\t\t\t\t<span class=\"qodef-e-hover-logo\">\n\t\t\t\t\t<img loading=\"lazy\" decoding=\"async\" width=\"136\" height=\"100\" src=\"https:\/\/dentalquitoclinic.com\/wp-content\/uploads\/LOGOS-CLIENTES-02.png\" class=\"attachment-full size-full\" alt=\"\" \/>\t\t\t\t<\/span>\n\t\t\t\t\t\t\t\t<\/a>\n\t\t\t<\/span>\n\t<\/span>\n<\/span>\n\t<\/div>\n<\/div>\n\t\t<\/div>\n\t\t\t\t<\/div>\n\t\t\t\t\t<\/div>\n\t\t<\/div>\n\t\t\t\t\t\t\t<\/div>\n\t\t<\/section>\n\t\t\t\t\t\t\t<\/div>\n\t\t","protected":false},"excerpt":{"rendered":"<p>Our Team GET TO KNOW US Specialists Certified doctors, specialists, anesthesiologists and assistants, all committed to providing you with the best personalized dental treatment and care. Dr. Said Mangui Implantolog\u00eda y Cirug\u00eda Maxilofacial Dr. Sergio Mu\u00f1oz Ortodoncia Dr. Eduardo Cevallos Endodoncia Andrea Mi\u00f1o Asistencia Dental Genoveva Andrade Administraci\u00f3n Adriana Monroy Recepci\u00f3n Biling\u00fce Cyntia Carri\u00f3n Recepci\u00f3n [&hellip;]<\/p>\n","protected":false},"author":3,"featured_media":0,"parent":0,"menu_order":0,"comment_status":"closed","ping_status":"closed","template":"page-full-width.php","meta":{"_locale":"en_US","_original_post":"https:\/\/allsmiles.qodeinteractive.com\/?page_id=1599","footnotes":""},"class_list":["post-10844","page","type-page","status-publish","hentry","en-US"],"_links":{"self":[{"href":"https:\/\/dentalquitoclinic.com\/wp-json\/wp\/v2\/pages\/10844","targetHints":{"allow":["GET"]}}],"collection":[{"href":"https:\/\/dentalquitoclinic.com\/wp-json\/wp\/v2\/pages"}],"about":[{"href":"https:\/\/dentalquitoclinic.com\/wp-json\/wp\/v2\/types\/page"}],"author":[{"embeddable":true,"href":"https:\/\/dentalquitoclinic.com\/wp-json\/wp\/v2\/users\/3"}],"replies":[{"embeddable":true,"href":"https:\/\/dentalquitoclinic.com\/wp-json\/wp\/v2\/comments?post=10844"}],"version-history":[{"count":8,"href":"https:\/\/dentalquitoclinic.com\/wp-json\/wp\/v2\/pages\/10844\/revisions"}],"predecessor-version":[{"id":10867,"href":"https:\/\/dentalquitoclinic.com\/wp-json\/wp\/v2\/pages\/10844\/revisions\/10867"}],"wp:attachment":[{"href":"https:\/\/dentalquitoclinic.com\/wp-json\/wp\/v2\/media?parent=10844"}],"curies":[{"name":"wp","href":"https:\/\/api.w.org\/{rel}","templated":true}]}}